{"id":37,"date":"2014-02-07T16:16:41","date_gmt":"2014-02-07T14:16:41","guid":{"rendered":"http:\/\/wp.ecodur.de\/?page_id=37"},"modified":"2014-02-07T17:33:21","modified_gmt":"2014-02-07T15:33:21","slug":"kassetten-eck-duschrollo","status":"publish","type":"page","link":"https:\/\/www.eco-dur.com\/fr\/produkte\/kassetten-eck-duschrollo\/","title":{"rendered":"Store de douche d\u2019angle \u00e0 caisson"},"content":{"rendered":"<p><a href=\"https:\/\/www.eco-dur.com\/wp-content\/uploads\/2014\/02\/a_neu-22.jpg\"><img decoding=\"async\" loading=\"lazy\" class=\"alignnone size-medium wp-image-38\" alt=\"a_neu-22\" src=\"https:\/\/www.eco-dur.com\/wp-content\/uploads\/2014\/02\/a_neu-22-220x300.jpg\" width=\"220\" height=\"300\" srcset=\"https:\/\/www.eco-dur.com\/wp-content\/uploads\/2014\/02\/a_neu-22-220x300.jpg 220w, https:\/\/www.eco-dur.com\/wp-content\/uploads\/2014\/02\/a_neu-22-110x150.jpg 110w, https:\/\/www.eco-dur.com\/wp-content\/uploads\/2014\/02\/a_neu-22.jpg 275w\" sizes=\"(max-width: 220px) 100vw, 220px\" \/><\/a>\u00a0<a href=\"https:\/\/www.eco-dur.com\/wp-content\/uploads\/2014\/02\/eck_beschreibung.jpg\"><img decoding=\"async\" loading=\"lazy\" class=\"alignnone size-medium wp-image-39\" alt=\"eck_beschreibung\" src=\"https:\/\/www.eco-dur.com\/wp-content\/uploads\/2014\/02\/eck_beschreibung-223x300.jpg\" width=\"223\" height=\"300\" srcset=\"https:\/\/www.eco-dur.com\/wp-content\/uploads\/2014\/02\/eck_beschreibung-223x300.jpg 223w, https:\/\/www.eco-dur.com\/wp-content\/uploads\/2014\/02\/eck_beschreibung-111x150.jpg 111w, https:\/\/www.eco-dur.com\/wp-content\/uploads\/2014\/02\/eck_beschreibung.jpg 300w\" sizes=\"(max-width: 223px) 100vw, 223px\" \/><\/a><\/p>\n<p>&nbsp;<\/p>\n<ul>\n<li>montage facile, fixer le caisson au plafond<\/li>\n<li><span style=\"font-size: 16px;\">d\u00e9rouler le store pour la douche, laisser s\u00e9cher et remonter<\/span><\/li>\n<li><span style=\"font-size: 16px;\">colle \u00e0 la baignoire et non au corps<\/span><\/li>\n<li><span style=\"font-size: 16px;\">pas de tringle g\u00eanante, pas de per\u00e7age dans le carrelage, pas de silicone<\/span><\/li>\n<li><span style=\"font-size: 16px;\">2 caissons en aluminium de diff\u00e9rents coloris, largeur 137 cm, retour d\u2019angle 62 cm<\/span><\/li>\n<li><span style=\"font-size: 16px;\">le retour d\u2019angle peut \u00eatre mont\u00e9 \u00e0 droite comme \u00e0 gauche<\/span><\/li>\n<li><span style=\"font-size: 16px;\">rideau pvc de qualit\u00e9, impressions couleurs, longueur d\u00e9roul\u00e9e de 240 cm<\/span><\/li>\n<li><span style=\"font-size: 16px;\">dimensions sp\u00e9ciales sur demande et pour quantit\u00e9s<\/span><\/li>\n<li><span style=\"font-size: 16px;\">la cha\u00eenette peut \u00eatre utilis\u00e9e et mont\u00e9e \u00e0 droite comme \u00e0 gauche<\/span><\/li>\n<\/ul>\n<p><\/p>","protected":false},"excerpt":{"rendered":"<p>\u00a0 &nbsp; montage facile, fixer le caisson au plafond d\u00e9rouler le store pour la douche, laisser s\u00e9cher et remonter colle \u00e0 la baignoire et non au corps pas de tringle g\u00eanante, pas de per\u00e7age dans le carrelage, pas de silicone 2 caissons en aluminium de diff\u00e9rents coloris, largeur 137 cm,\u2026 <a class=\"continue-reading-link\" href=\"https:\/\/www.eco-dur.com\/fr\/produkte\/kassetten-eck-duschrollo\/\">Continue reading<\/a><\/p>\n","protected":false},"author":1,"featured_media":0,"parent":8,"menu_order":2,"comment_status":"closed","ping_status":"closed","template":"","meta":{"footnotes":""},"_links":{"self":[{"href":"https:\/\/www.eco-dur.com\/fr\/wp-json\/wp\/v2\/pages\/37"}],"collection":[{"href":"https:\/\/www.eco-dur.com\/fr\/wp-json\/wp\/v2\/pages"}],"about":[{"href":"https:\/\/www.eco-dur.com\/fr\/wp-json\/wp\/v2\/types\/page"}],"author":[{"embeddable":true,"href":"https:\/\/www.eco-dur.com\/fr\/wp-json\/wp\/v2\/users\/1"}],"replies":[{"embeddable":true,"href":"https:\/\/www.eco-dur.com\/fr\/wp-json\/wp\/v2\/comments?post=37"}],"version-history":[{"count":4,"href":"https:\/\/www.eco-dur.com\/fr\/wp-json\/wp\/v2\/pages\/37\/revisions"}],"predecessor-version":[{"id":66,"href":"https:\/\/www.eco-dur.com\/fr\/wp-json\/wp\/v2\/pages\/37\/revisions\/66"}],"up":[{"embeddable":true,"href":"https:\/\/www.eco-dur.com\/fr\/wp-json\/wp\/v2\/pages\/8"}],"wp:attachment":[{"href":"https:\/\/www.eco-dur.com\/fr\/wp-json\/wp\/v2\/media?parent=37"}],"curies":[{"name":"wp","href":"https:\/\/api.w.org\/{rel}","templated":true}]}}