{"id":33,"date":"2014-02-07T16:14:28","date_gmt":"2014-02-07T14:14:28","guid":{"rendered":"http:\/\/wp.ecodur.de\/?page_id=33"},"modified":"2014-02-07T17:29:42","modified_gmt":"2014-02-07T15:29:42","slug":"kassetten-duschrollo-deluxe","status":"publish","type":"page","link":"https:\/\/www.eco-dur.com\/fr\/produkte\/kassetten-duschrollo-deluxe\/","title":{"rendered":"Store de douche droit \u00e0 caisson"},"content":{"rendered":"<p><a href=\"https:\/\/www.eco-dur.com\/wp-content\/uploads\/2014\/02\/a_neu-1.jpg\"><img decoding=\"async\" loading=\"lazy\" alt=\"a_neu-1\" src=\"https:\/\/www.eco-dur.com\/wp-content\/uploads\/2014\/02\/a_neu-1-219x300.jpg\" width=\"219\" height=\"300\" \/><\/a>\u00a0<a href=\"https:\/\/www.eco-dur.com\/wp-content\/uploads\/2014\/02\/deluxe_beschreibung.jpg\"><img decoding=\"async\" loading=\"lazy\" alt=\"deluxe_beschreibung\" src=\"https:\/\/www.eco-dur.com\/wp-content\/uploads\/2014\/02\/deluxe_beschreibung-220x300.jpg\" width=\"220\" height=\"300\" \/><\/a><\/p>\n<p>&nbsp;<\/p>\n<ul>\n<li>montage facile, fixer le caisson au plafond<\/li>\n<li><span style=\"font-size: 16px;\">d\u00e9rouler le store pour la douche, laisser s\u00e9cher et remonter<\/span><\/li>\n<li><span style=\"font-size: 16px;\">colle \u00e0 la baignoire et non au corps<\/span><\/li>\n<li><span style=\"font-size: 16px;\">pas de tringle g\u00eanante, pas de per\u00e7age dans le carrelage, pas de silicone<\/span><\/li>\n<li><span style=\"font-size: 16px;\">caisson en aluminium de diff\u00e9rents coloris, largeur 134 cm<\/span><\/li>\n<li><span style=\"font-size: 16px;\">rideau pvc de qualit\u00e9, impressions couleurs, longueur d\u00e9roul\u00e9e de 240 cm<\/span><\/li>\n<li><span style=\"font-size: 16px;\">dimensions sp\u00e9ciales sur demande et pour quantit\u00e9s<\/span><\/li>\n<li><span style=\"font-size: 16px;\">la cha\u00eenette peut \u00eatre utilis\u00e9e et mont\u00e9e \u00e0 droite comme \u00e0 gauche<\/span><\/li>\n<\/ul>\n<p><\/p>","protected":false},"excerpt":{"rendered":"<p>\u00a0 &nbsp; montage facile, fixer le caisson au plafond d\u00e9rouler le store pour la douche, laisser s\u00e9cher et remonter colle \u00e0 la baignoire et non au corps pas de tringle g\u00eanante, pas de per\u00e7age dans le carrelage, pas de silicone caisson en aluminium de diff\u00e9rents coloris, largeur 134 cm rideau\u2026 <a class=\"continue-reading-link\" href=\"https:\/\/www.eco-dur.com\/fr\/produkte\/kassetten-duschrollo-deluxe\/\">Continue reading<\/a><\/p>\n","protected":false},"author":1,"featured_media":0,"parent":8,"menu_order":1,"comment_status":"closed","ping_status":"closed","template":"","meta":{"footnotes":""},"_links":{"self":[{"href":"https:\/\/www.eco-dur.com\/fr\/wp-json\/wp\/v2\/pages\/33"}],"collection":[{"href":"https:\/\/www.eco-dur.com\/fr\/wp-json\/wp\/v2\/pages"}],"about":[{"href":"https:\/\/www.eco-dur.com\/fr\/wp-json\/wp\/v2\/types\/page"}],"author":[{"embeddable":true,"href":"https:\/\/www.eco-dur.com\/fr\/wp-json\/wp\/v2\/users\/1"}],"replies":[{"embeddable":true,"href":"https:\/\/www.eco-dur.com\/fr\/wp-json\/wp\/v2\/comments?post=33"}],"version-history":[{"count":4,"href":"https:\/\/www.eco-dur.com\/fr\/wp-json\/wp\/v2\/pages\/33\/revisions"}],"predecessor-version":[{"id":64,"href":"https:\/\/www.eco-dur.com\/fr\/wp-json\/wp\/v2\/pages\/33\/revisions\/64"}],"up":[{"embeddable":true,"href":"https:\/\/www.eco-dur.com\/fr\/wp-json\/wp\/v2\/pages\/8"}],"wp:attachment":[{"href":"https:\/\/www.eco-dur.com\/fr\/wp-json\/wp\/v2\/media?parent=33"}],"curies":[{"name":"wp","href":"https:\/\/api.w.org\/{rel}","templated":true}]}}