{"id":2,"date":"2014-02-05T10:42:31","date_gmt":"2014-02-05T10:42:31","guid":{"rendered":"http:\/\/wp.ecodur.de\/?page_id=2"},"modified":"2014-04-29T13:39:33","modified_gmt":"2014-04-29T11:39:33","slug":"beispiel-seite","status":"publish","type":"page","link":"https:\/\/www.eco-dur.com\/fr\/","title":{"rendered":"Bienvenue"},"content":{"rendered":"<p>Bienvenue sur le site ECO-DuR ECO-DuR GmbH est une Soci\u00e9t\u00e9 familiale, cr\u00e9\u00e9e en 1995. Depuis 1997, le si\u00e8ge actuel de la Soci\u00e9t\u00e9 est install\u00e9 \u00e0 Leinatal. Il s\u2019est agrandi jusqu\u2019au d\u00e9but des ann\u00e9es 2000.\u00a0Les ateliers de production d\u2019une surface de 2500 m\u00b2 permettent de fabriquer des stores de douche droits et d\u2019angles en s\u00e9rie, dans des conditions hautement qualitatives.\u00a0Nos installations dans une entreprise moderne garantissent qualit\u00e9 et flexibilit\u00e9.<\/p>\n<h2>ventes d\u00f9sine Onlineshop:<\/h2>\n<h2><a href=\"http:\/\/store-de-douche.fr\/\"> www.<\/a><a title=\"store-de-douche.fr\" href=\"http:\/\/store-de-douche.fr\/\">store-de-douche.fr<\/a><\/h2>\n<h2>Store de douche droit &#8211; Store de douche d\u2019angle<\/h2>\n<p>Ces produits d\u00e9velopp\u00e9s dans nos murs sont prot\u00e9g\u00e9s par brevets, aussi bien au niveau national qu\u2019international. Depuis sa cr\u00e9ation, la marque ECO-DuR est synonyme de qualit\u00e9 et de service. Depuis sa fondation en 1995, notre Soci\u00e9t\u00e9 s\u2019est continuellement d\u00e9velopp\u00e9e et est devenue leader sur ses march\u00e9s pour la fabrication de stores de douche. Machines modernes, mati\u00e8res premi\u00e8res de qualit\u00e9, cr\u00e9dibilit\u00e9 ont contribu\u00e9 \u00e0 notre r\u00e9ussite. Notre client\u00e8le europ\u00e9enne nous reconna\u00eet pour notre qualit\u00e9 et notre fiabilit\u00e9.<\/p>\n<p><\/p>","protected":false},"excerpt":{"rendered":"<p>Bienvenue sur le site ECO-DuR ECO-DuR GmbH est une Soci\u00e9t\u00e9 familiale, cr\u00e9\u00e9e en 1995. Depuis 1997, le si\u00e8ge actuel de la Soci\u00e9t\u00e9 est install\u00e9 \u00e0 Leinatal. Il s\u2019est agrandi jusqu\u2019au d\u00e9but des ann\u00e9es 2000.\u00a0Les ateliers de production d\u2019une surface de 2500 m\u00b2 permettent de fabriquer des stores de douche droits\u2026 <a class=\"continue-reading-link\" href=\"https:\/\/www.eco-dur.com\/fr\/\">Continue reading<\/a><\/p>\n","protected":false},"author":1,"featured_media":0,"parent":0,"menu_order":1,"comment_status":"closed","ping_status":"closed","template":"","meta":{"footnotes":""},"_links":{"self":[{"href":"https:\/\/www.eco-dur.com\/fr\/wp-json\/wp\/v2\/pages\/2"}],"collection":[{"href":"https:\/\/www.eco-dur.com\/fr\/wp-json\/wp\/v2\/pages"}],"about":[{"href":"https:\/\/www.eco-dur.com\/fr\/wp-json\/wp\/v2\/types\/page"}],"author":[{"embeddable":true,"href":"https:\/\/www.eco-dur.com\/fr\/wp-json\/wp\/v2\/users\/1"}],"replies":[{"embeddable":true,"href":"https:\/\/www.eco-dur.com\/fr\/wp-json\/wp\/v2\/comments?post=2"}],"version-history":[{"count":13,"href":"https:\/\/www.eco-dur.com\/fr\/wp-json\/wp\/v2\/pages\/2\/revisions"}],"predecessor-version":[{"id":82,"href":"https:\/\/www.eco-dur.com\/fr\/wp-json\/wp\/v2\/pages\/2\/revisions\/82"}],"wp:attachment":[{"href":"https:\/\/www.eco-dur.com\/fr\/wp-json\/wp\/v2\/media?parent=2"}],"curies":[{"name":"wp","href":"https:\/\/api.w.org\/{rel}","templated":true}]}}