{"id":8,"date":"2014-02-06T12:54:07","date_gmt":"2014-02-06T10:54:07","guid":{"rendered":"http:\/\/wp.ecodur.de\/?page_id=8"},"modified":"2014-02-07T17:19:03","modified_gmt":"2014-02-07T15:19:03","slug":"produkte","status":"publish","type":"page","link":"https:\/\/www.eco-dur.com\/cs\/produkte\/","title":{"rendered":"Produkty"},"content":{"rendered":"<p><\/p>\n<table border=\"0\">\n<tbody>\n<tr>\n<td style=\"text-align: center;\">Kazetov\u00e1 sprchov\u00e1 roleta deluxe<\/td>\n<td style=\"text-align: center;\">Kazetov\u00e1 rohov\u00e1 sprchov\u00e1 roleta<\/td>\n<\/tr>\n<tr>\n<td style=\"text-align: center;\"><a href=\"https:\/\/www.eco-dur.com\/wp-content\/uploads\/2014\/02\/a_neu-1.jpg\"><img decoding=\"async\" loading=\"lazy\" class=\"alignnone size-thumbnail wp-image-34\" alt=\"a_neu-1\" src=\"https:\/\/www.eco-dur.com\/wp-content\/uploads\/2014\/02\/a_neu-1-150x150.jpg\" width=\"150\" height=\"150\" \/><\/a><\/td>\n<td style=\"text-align: center;\"><a href=\"https:\/\/www.eco-dur.com\/wp-content\/uploads\/2014\/02\/a_neu-22.jpg\"><img decoding=\"async\" loading=\"lazy\" class=\"alignnone size-thumbnail wp-image-38\" alt=\"a_neu-22\" src=\"https:\/\/www.eco-dur.com\/wp-content\/uploads\/2014\/02\/a_neu-22-150x150.jpg\" width=\"150\" height=\"150\" \/><\/a><\/td>\n<\/tr>\n<\/tbody>\n<\/table>\n<p><ul class=\"subpage_list\"><li class=\"page_item page-item-2 page_item_has_children\"><a href=\"https:\/\/www.eco-dur.com\/cs\/\">V\u00edtejte<\/a>\n<ul class='children'>\n\t<li class=\"page_item page-item-95\"><a href=\"https:\/\/www.eco-dur.com\/cs\/beispiel-seite\/stellenangebote\/\">(Deutsch) Stellenangebote<\/a><\/li>\n<\/ul>\n<\/li>\n<li class=\"page_item page-item-8 page_item_has_children\"><a href=\"https:\/\/www.eco-dur.com\/cs\/produkte\/\">Produkty<\/a>\n<ul class='children'>\n\t<li class=\"page_item page-item-33\"><a href=\"https:\/\/www.eco-dur.com\/cs\/produkte\/kassetten-duschrollo-deluxe\/\">Kazetov\u00e1 sprchov\u00e1 roleta deluxe<\/a><\/li>\n\t<li class=\"page_item page-item-37\"><a href=\"https:\/\/www.eco-dur.com\/cs\/produkte\/kassetten-eck-duschrollo\/\">Kazetov\u00e1 rohov\u00e1 sprchov\u00e1 roleta<\/a><\/li>\n<\/ul>\n<\/li>\n<li class=\"page_item page-item-12\"><a href=\"https:\/\/www.eco-dur.com\/cs\/haendler\/\">Prodava\u010d<\/a><\/li>\n<li class=\"page_item page-item-47\"><a href=\"https:\/\/www.eco-dur.com\/cs\/kontakt\/\">Kontakt<\/a><\/li>\n<li class=\"page_item page-item-10\"><a href=\"https:\/\/www.eco-dur.com\/cs\/impressum\/\">otisk<\/a><\/li>\n<\/ul><\/p>","protected":false},"excerpt":{"rendered":"<p>Kazetov\u00e1 sprchov\u00e1 roleta deluxe Kazetov\u00e1 rohov\u00e1 sprchov\u00e1 roleta <a class=\"continue-reading-link\" href=\"https:\/\/www.eco-dur.com\/cs\/produkte\/\">Continue reading<\/a><\/p>\n","protected":false},"author":1,"featured_media":0,"parent":0,"menu_order":2,"comment_status":"closed","ping_status":"closed","template":"","meta":{"footnotes":""},"_links":{"self":[{"href":"https:\/\/www.eco-dur.com\/cs\/wp-json\/wp\/v2\/pages\/8"}],"collection":[{"href":"https:\/\/www.eco-dur.com\/cs\/wp-json\/wp\/v2\/pages"}],"about":[{"href":"https:\/\/www.eco-dur.com\/cs\/wp-json\/wp\/v2\/types\/page"}],"author":[{"embeddable":true,"href":"https:\/\/www.eco-dur.com\/cs\/wp-json\/wp\/v2\/users\/1"}],"replies":[{"embeddable":true,"href":"https:\/\/www.eco-dur.com\/cs\/wp-json\/wp\/v2\/comments?post=8"}],"version-history":[{"count":7,"href":"https:\/\/www.eco-dur.com\/cs\/wp-json\/wp\/v2\/pages\/8\/revisions"}],"predecessor-version":[{"id":60,"href":"https:\/\/www.eco-dur.com\/cs\/wp-json\/wp\/v2\/pages\/8\/revisions\/60"}],"wp:attachment":[{"href":"https:\/\/www.eco-dur.com\/cs\/wp-json\/wp\/v2\/media?parent=8"}],"curies":[{"name":"wp","href":"https:\/\/api.w.org\/{rel}","templated":true}]}}