{"id":37,"date":"2014-02-07T16:16:41","date_gmt":"2014-02-07T14:16:41","guid":{"rendered":"http:\/\/wp.ecodur.de\/?page_id=37"},"modified":"2014-02-07T17:33:21","modified_gmt":"2014-02-07T15:33:21","slug":"kassetten-eck-duschrollo","status":"publish","type":"page","link":"https:\/\/www.eco-dur.com\/cs\/produkte\/kassetten-eck-duschrollo\/","title":{"rendered":"Kazetov\u00e1 rohov\u00e1 sprchov\u00e1 roleta"},"content":{"rendered":"<p><a href=\"https:\/\/www.eco-dur.com\/wp-content\/uploads\/2014\/02\/a_neu-22.jpg\"><img decoding=\"async\" loading=\"lazy\" class=\"alignnone size-medium wp-image-38\" alt=\"a_neu-22\" src=\"https:\/\/www.eco-dur.com\/wp-content\/uploads\/2014\/02\/a_neu-22-220x300.jpg\" width=\"220\" height=\"300\" srcset=\"https:\/\/www.eco-dur.com\/wp-content\/uploads\/2014\/02\/a_neu-22-220x300.jpg 220w, https:\/\/www.eco-dur.com\/wp-content\/uploads\/2014\/02\/a_neu-22-110x150.jpg 110w, https:\/\/www.eco-dur.com\/wp-content\/uploads\/2014\/02\/a_neu-22.jpg 275w\" sizes=\"(max-width: 220px) 100vw, 220px\" \/><\/a>\u00a0<a href=\"https:\/\/www.eco-dur.com\/wp-content\/uploads\/2014\/02\/eck_beschreibung.jpg\"><img decoding=\"async\" loading=\"lazy\" class=\"alignnone size-medium wp-image-39\" alt=\"eck_beschreibung\" src=\"https:\/\/www.eco-dur.com\/wp-content\/uploads\/2014\/02\/eck_beschreibung-223x300.jpg\" width=\"223\" height=\"300\" srcset=\"https:\/\/www.eco-dur.com\/wp-content\/uploads\/2014\/02\/eck_beschreibung-223x300.jpg 223w, https:\/\/www.eco-dur.com\/wp-content\/uploads\/2014\/02\/eck_beschreibung-111x150.jpg 111w, https:\/\/www.eco-dur.com\/wp-content\/uploads\/2014\/02\/eck_beschreibung.jpg 300w\" sizes=\"(max-width: 223px) 100vw, 223px\" \/><\/a><\/p>\n<p>&nbsp;<\/p>\n<ul>\n<li>Snadn\u00e1 mont\u00e1\u017e, kazetu na\u0161roubovat na strop.<\/li>\n<li><span style=\"font-size: 16px;\">Ke sprchov\u00e1n\u00ed rozvinout, nechat usu\u0161it, znovu zavinout.<\/span><\/li>\n<li><span style=\"font-size: 16px;\">Ulp\u00edv\u00e1 na van\u011b a ne na t\u011ble.<\/span><\/li>\n<li><span style=\"font-size: 16px;\">Bez ru\u0161iv\u00fdch ty\u010d\u00ed, bez vrt\u00e1n\u00ed dla\u017edic, bez silikonu.<\/span><\/li>\n<li><span style=\"font-size: 16px;\">2d\u00edln\u00e1 hlin\u00edkov\u00e1 kazeta v r\u016fzn\u00fdch sanit\u00e1rn\u00edch barv\u00e1ch, \u0161\u00ed\u0159ka 137 cm, rohov\u00fd d\u00edl 62 m.<\/span><\/li>\n<li><span style=\"font-size: 16px;\">Mont\u00e1\u017e vlevo nebo vpravo.<\/span><\/li>\n<li><span style=\"font-size: 16px;\">Plastov\u00fd z\u00e1v\u011bs, barevn\u011b poti\u0161t\u011bn\u00fd, \u0161\u00ed\u0159ka 130 cm, rohov\u00e1 \u010d\u00e1st 55 cm, d\u00e9lka vyta\u017een\u00ed 240 cm.<\/span><\/li>\n<li><span style=\"font-size: 16px;\">Zvl\u00e1\u0161tn\u00ed velikosti dle popt\u00e1vky.<\/span><\/li>\n<li><span style=\"font-size: 16px;\">Mont\u00e1\u017e rohov\u00e9ho d\u00edlu doleva nebo doprava.<\/span><\/li>\n<\/ul>\n<p><\/p>","protected":false},"excerpt":{"rendered":"<p>\u00a0 &nbsp; Snadn\u00e1 mont\u00e1\u017e, kazetu na\u0161roubovat na strop. Ke sprchov\u00e1n\u00ed rozvinout, nechat usu\u0161it, znovu zavinout. Ulp\u00edv\u00e1 na van\u011b a ne na t\u011ble. Bez ru\u0161iv\u00fdch ty\u010d\u00ed, bez vrt\u00e1n\u00ed dla\u017edic, bez silikonu. 2d\u00edln\u00e1 hlin\u00edkov\u00e1 kazeta v r\u016fzn\u00fdch sanit\u00e1rn\u00edch barv\u00e1ch, \u0161\u00ed\u0159ka 137 cm, rohov\u00fd d\u00edl 62 m. Mont\u00e1\u017e vlevo nebo vpravo. Plastov\u00fd z\u00e1v\u011bs,\u2026 <a class=\"continue-reading-link\" href=\"https:\/\/www.eco-dur.com\/cs\/produkte\/kassetten-eck-duschrollo\/\">Continue reading<\/a><\/p>\n","protected":false},"author":1,"featured_media":0,"parent":8,"menu_order":2,"comment_status":"closed","ping_status":"closed","template":"","meta":{"footnotes":""},"_links":{"self":[{"href":"https:\/\/www.eco-dur.com\/cs\/wp-json\/wp\/v2\/pages\/37"}],"collection":[{"href":"https:\/\/www.eco-dur.com\/cs\/wp-json\/wp\/v2\/pages"}],"about":[{"href":"https:\/\/www.eco-dur.com\/cs\/wp-json\/wp\/v2\/types\/page"}],"author":[{"embeddable":true,"href":"https:\/\/www.eco-dur.com\/cs\/wp-json\/wp\/v2\/users\/1"}],"replies":[{"embeddable":true,"href":"https:\/\/www.eco-dur.com\/cs\/wp-json\/wp\/v2\/comments?post=37"}],"version-history":[{"count":4,"href":"https:\/\/www.eco-dur.com\/cs\/wp-json\/wp\/v2\/pages\/37\/revisions"}],"predecessor-version":[{"id":66,"href":"https:\/\/www.eco-dur.com\/cs\/wp-json\/wp\/v2\/pages\/37\/revisions\/66"}],"up":[{"embeddable":true,"href":"https:\/\/www.eco-dur.com\/cs\/wp-json\/wp\/v2\/pages\/8"}],"wp:attachment":[{"href":"https:\/\/www.eco-dur.com\/cs\/wp-json\/wp\/v2\/media?parent=37"}],"curies":[{"name":"wp","href":"https:\/\/api.w.org\/{rel}","templated":true}]}}