{"id":33,"date":"2014-02-07T16:14:28","date_gmt":"2014-02-07T14:14:28","guid":{"rendered":"http:\/\/wp.ecodur.de\/?page_id=33"},"modified":"2014-02-07T17:29:42","modified_gmt":"2014-02-07T15:29:42","slug":"kassetten-duschrollo-deluxe","status":"publish","type":"page","link":"https:\/\/www.eco-dur.com\/cs\/produkte\/kassetten-duschrollo-deluxe\/","title":{"rendered":"Kazetov\u00e1 sprchov\u00e1 roleta deluxe"},"content":{"rendered":"<p><a href=\"https:\/\/www.eco-dur.com\/wp-content\/uploads\/2014\/02\/a_neu-1.jpg\"><img decoding=\"async\" loading=\"lazy\" alt=\"a_neu-1\" src=\"https:\/\/www.eco-dur.com\/wp-content\/uploads\/2014\/02\/a_neu-1-219x300.jpg\" width=\"219\" height=\"300\" \/><\/a>\u00a0<a href=\"https:\/\/www.eco-dur.com\/wp-content\/uploads\/2014\/02\/deluxe_beschreibung.jpg\"><img decoding=\"async\" loading=\"lazy\" alt=\"deluxe_beschreibung\" src=\"https:\/\/www.eco-dur.com\/wp-content\/uploads\/2014\/02\/deluxe_beschreibung-220x300.jpg\" width=\"220\" height=\"300\" \/><\/a><\/p>\n<p>&nbsp;<\/p>\n<ul>\n<li>Snadn\u00e1 mont\u00e1\u017e, kazetu na\u0161roubovat na strop<\/li>\n<li><span style=\"font-size: 16px;\">Ke sprchov\u00e1n\u00ed rozvinout, nechat usu\u0161it, znovu zavinout<\/span><\/li>\n<li><span style=\"font-size: 16px;\">Ulp\u00edv\u00e1 na van\u011b a ne na t\u011ble<\/span><\/li>\n<li><span style=\"font-size: 16px;\">Bez ru\u0161iv\u00fdch ty\u010d\u00ed, bez vrt\u00e1n\u00ed dla\u017edic, bez silikonu<\/span><\/li>\n<li><span style=\"font-size: 16px;\">Kazeta z hlin\u00edku v r\u016fzn\u00fdch sanit\u00e1rn\u00edch barv\u00e1ch, \u0161\u00ed\u0159ka 134 cm<\/span><\/li>\n<li><span style=\"font-size: 16px;\">Plastov\u00fd z\u00e1v\u011bs, barevn\u011b poti\u0161t\u011bn\u00fd, \u0161\u00ed\u0159ka 130 cm, d\u00e9lka vyta\u017een\u00ed 240 cm<\/span><\/li>\n<li><span style=\"font-size: 16px;\">Zvl\u00e1\u0161tn\u00ed velikosti dle popt\u00e1vky<\/span><\/li>\n<li><span style=\"font-size: 16px;\">Mont\u00e1\u017e bo\u010dn\u00edho lanka vlevo nebo vpravo.<\/span><\/li>\n<\/ul>\n<p><\/p>","protected":false},"excerpt":{"rendered":"<p>\u00a0 &nbsp; Snadn\u00e1 mont\u00e1\u017e, kazetu na\u0161roubovat na strop Ke sprchov\u00e1n\u00ed rozvinout, nechat usu\u0161it, znovu zavinout Ulp\u00edv\u00e1 na van\u011b a ne na t\u011ble Bez ru\u0161iv\u00fdch ty\u010d\u00ed, bez vrt\u00e1n\u00ed dla\u017edic, bez silikonu Kazeta z hlin\u00edku v r\u016fzn\u00fdch sanit\u00e1rn\u00edch barv\u00e1ch, \u0161\u00ed\u0159ka 134 cm Plastov\u00fd z\u00e1v\u011bs, barevn\u011b poti\u0161t\u011bn\u00fd, \u0161\u00ed\u0159ka 130 cm, d\u00e9lka vyta\u017een\u00ed 240\u2026 <a class=\"continue-reading-link\" href=\"https:\/\/www.eco-dur.com\/cs\/produkte\/kassetten-duschrollo-deluxe\/\">Continue reading<\/a><\/p>\n","protected":false},"author":1,"featured_media":0,"parent":8,"menu_order":1,"comment_status":"closed","ping_status":"closed","template":"","meta":{"footnotes":""},"_links":{"self":[{"href":"https:\/\/www.eco-dur.com\/cs\/wp-json\/wp\/v2\/pages\/33"}],"collection":[{"href":"https:\/\/www.eco-dur.com\/cs\/wp-json\/wp\/v2\/pages"}],"about":[{"href":"https:\/\/www.eco-dur.com\/cs\/wp-json\/wp\/v2\/types\/page"}],"author":[{"embeddable":true,"href":"https:\/\/www.eco-dur.com\/cs\/wp-json\/wp\/v2\/users\/1"}],"replies":[{"embeddable":true,"href":"https:\/\/www.eco-dur.com\/cs\/wp-json\/wp\/v2\/comments?post=33"}],"version-history":[{"count":4,"href":"https:\/\/www.eco-dur.com\/cs\/wp-json\/wp\/v2\/pages\/33\/revisions"}],"predecessor-version":[{"id":64,"href":"https:\/\/www.eco-dur.com\/cs\/wp-json\/wp\/v2\/pages\/33\/revisions\/64"}],"up":[{"embeddable":true,"href":"https:\/\/www.eco-dur.com\/cs\/wp-json\/wp\/v2\/pages\/8"}],"wp:attachment":[{"href":"https:\/\/www.eco-dur.com\/cs\/wp-json\/wp\/v2\/media?parent=33"}],"curies":[{"name":"wp","href":"https:\/\/api.w.org\/{rel}","templated":true}]}}