{"id":2,"date":"2014-02-05T10:42:31","date_gmt":"2014-02-05T10:42:31","guid":{"rendered":"http:\/\/wp.ecodur.de\/?page_id=2"},"modified":"2014-04-29T13:39:33","modified_gmt":"2014-04-29T11:39:33","slug":"beispiel-seite","status":"publish","type":"page","link":"https:\/\/www.eco-dur.com\/cs\/","title":{"rendered":"V\u00edtejte"},"content":{"rendered":"<p>V\u00edtejte u ECO &#8211; DuR Spole\u010dnost ECO \u2013 DuR GmbH byla zalo\u017eena v roce 1995 jako rodinn\u00fd podnik.\u00a0Dne\u0161n\u00ed s\u00eddlo firmy v Leinatalu bylo z\u0159\u00edzeno v roce 1997 a roz\u0161i\u0159ov\u00e1no a\u017e do roku 2000. Na na\u0161\u00ed v\u00fdrobn\u00ed plo\u0161e o velikosti 2500 m2 jsou v r\u00e1mci vysok\u00fdch jakostn\u00edch standard\u016f s\u00e9riov\u011b vyr\u00e1b\u011bny kazetov\u00e9 sprchov\u00e9 rolety a kazetov\u00e9 rohov\u00e9 sprchov\u00e9 rolety. Nov\u00e1 v\u00fdrobn\u00ed za\u0159\u00edzen\u00ed v na\u0161em v\u00fdrobn\u00edm podniku garantuj\u00ed kvalitu a flexibilitu.<\/p>\n<h2>Kazetov\u00e1 sprchov\u00e1 roleta deluxe<\/h2>\n<h2>kazetov\u00e1 rohov\u00e1 sprchov\u00e1 roleta<\/h2>\n<p>Tyto v\u00fdrobky byly vyvinuty v na\u0161\u00ed spole\u010dnosti a jsou na n\u00e1rodn\u00ed i mezin\u00e1rodn\u00ed \u00farovni chr\u00e1n\u011bny patentem. Od po\u010d\u00e1tku je zna\u010dka ECO &#8211; DuR symbolem stejn\u011b vysok\u00e9 \u00farovn\u011b kvality a servisu. Od zalo\u017een\u00ed v roce 1995 se n\u00e1\u0161 podnik ECO &#8211; DuR zna\u010dn\u011b rozrostl a tak se stal vedouc\u00edm podnikem na trhu p\u0159i v\u00fdrob\u011b a prodeji sprchov\u00fdch rolet. Za na\u0161\u00edm \u00fasp\u011bchem stoj\u00ed modern\u00ed stroje, nejlep\u0161\u00ed materi\u00e1ly rovn\u011b\u017e i spolehlivost. Na\u0161i z\u00e1kazn\u00edci v cel\u00e9 Evrop\u011b d\u016fv\u011b\u0159uj\u00ed kvalit\u011b, servisu a spolehlivosti.<\/p>\n<p><\/p>","protected":false},"excerpt":{"rendered":"<p>V\u00edtejte u ECO &#8211; DuR Spole\u010dnost ECO \u2013 DuR GmbH byla zalo\u017eena v roce 1995 jako rodinn\u00fd podnik.\u00a0Dne\u0161n\u00ed s\u00eddlo firmy v Leinatalu bylo z\u0159\u00edzeno v roce 1997 a roz\u0161i\u0159ov\u00e1no a\u017e do roku 2000. Na na\u0161\u00ed v\u00fdrobn\u00ed plo\u0161e o velikosti 2500 m2 jsou v r\u00e1mci vysok\u00fdch jakostn\u00edch standard\u016f s\u00e9riov\u011b vyr\u00e1b\u011bny kazetov\u00e9\u2026 <a class=\"continue-reading-link\" href=\"https:\/\/www.eco-dur.com\/cs\/\">Continue reading<\/a><\/p>\n","protected":false},"author":1,"featured_media":0,"parent":0,"menu_order":1,"comment_status":"closed","ping_status":"closed","template":"","meta":{"footnotes":""},"_links":{"self":[{"href":"https:\/\/www.eco-dur.com\/cs\/wp-json\/wp\/v2\/pages\/2"}],"collection":[{"href":"https:\/\/www.eco-dur.com\/cs\/wp-json\/wp\/v2\/pages"}],"about":[{"href":"https:\/\/www.eco-dur.com\/cs\/wp-json\/wp\/v2\/types\/page"}],"author":[{"embeddable":true,"href":"https:\/\/www.eco-dur.com\/cs\/wp-json\/wp\/v2\/users\/1"}],"replies":[{"embeddable":true,"href":"https:\/\/www.eco-dur.com\/cs\/wp-json\/wp\/v2\/comments?post=2"}],"version-history":[{"count":13,"href":"https:\/\/www.eco-dur.com\/cs\/wp-json\/wp\/v2\/pages\/2\/revisions"}],"predecessor-version":[{"id":82,"href":"https:\/\/www.eco-dur.com\/cs\/wp-json\/wp\/v2\/pages\/2\/revisions\/82"}],"wp:attachment":[{"href":"https:\/\/www.eco-dur.com\/cs\/wp-json\/wp\/v2\/media?parent=2"}],"curies":[{"name":"wp","href":"https:\/\/api.w.org\/{rel}","templated":true}]}}