{"id":10,"date":"2014-02-06T12:55:35","date_gmt":"2014-02-06T10:55:35","guid":{"rendered":"http:\/\/wp.ecodur.de\/?page_id=10"},"modified":"2020-06-30T10:30:58","modified_gmt":"2020-06-30T08:30:58","slug":"impressum","status":"publish","type":"page","link":"https:\/\/www.eco-dur.com\/cs\/impressum\/","title":{"rendered":"otisk"},"content":{"rendered":"<p>ECO &#8211; DuR GmbH<br \/>\nGewerbegebiet 12<br \/>\n99887 Georgenthal \/ OT Sch\u00f6nau v.d.Walde<\/p>\n<p>Gesch\u00e4ftsf\u00fchrer: Michael Oschmann<\/p>\n<p>Tel.: 036253-456 0<br \/>\nFax.: 036253-456 20<br \/>\nMail: info@eco-dur.com<\/p>\n<p>UST-Ident-Nr. : DE 811940714<br \/>\nSteuer &#8211; Nr. : 156 108 01134<br \/>\nAmtsgericht Jena HRB 108540<\/p>\n<h3>Distanzierung von verlinkten Webinhalten<\/h3>\n<p>ECO &#8211; DuR Oschmann verweist mit Links zu anderen Seiten im Internet. Trotz sorgf\u00e4ltiger inhaltlicher Kontrolle \u00fcbernehmen wir keine Haftung f\u00fcr Inhalte dieser Seiten, da wir keinerlei Einfluss auf die Gestaltung und die Inhalte der verlinkten Seiten haben. Aus diesem Grund distanzieren sich die Betreiber von ecodur.com ecodur.de eco-dur.com eco-dur.de ausdr\u00fccklich von allen Inhalten aller verlinkten Seiten und machen sich diese Inhalte nicht zu Eigen.<\/p>","protected":false},"excerpt":{"rendered":"<p>ECO &#8211; DuR GmbH Gewerbegebiet 12 99887 Georgenthal \/ OT Sch\u00f6nau v.d.Walde Gesch\u00e4ftsf\u00fchrer: Michael Oschmann Tel.: 036253-456 0 Fax.: 036253-456 20 Mail: info@eco-dur.com UST-Ident-Nr. : DE 811940714 Steuer &#8211; Nr. : 156 108 01134 Amtsgericht Jena HRB 108540 Distanzierung von verlinkten Webinhalten ECO &#8211; DuR Oschmann verweist mit Links zu\u2026 <a class=\"continue-reading-link\" href=\"https:\/\/www.eco-dur.com\/cs\/impressum\/\">Continue reading<\/a><\/p>\n","protected":false},"author":1,"featured_media":0,"parent":0,"menu_order":5,"comment_status":"closed","ping_status":"closed","template":"","meta":{"footnotes":""},"_links":{"self":[{"href":"https:\/\/www.eco-dur.com\/cs\/wp-json\/wp\/v2\/pages\/10"}],"collection":[{"href":"https:\/\/www.eco-dur.com\/cs\/wp-json\/wp\/v2\/pages"}],"about":[{"href":"https:\/\/www.eco-dur.com\/cs\/wp-json\/wp\/v2\/types\/page"}],"author":[{"embeddable":true,"href":"https:\/\/www.eco-dur.com\/cs\/wp-json\/wp\/v2\/users\/1"}],"replies":[{"embeddable":true,"href":"https:\/\/www.eco-dur.com\/cs\/wp-json\/wp\/v2\/comments?post=10"}],"version-history":[{"count":11,"href":"https:\/\/www.eco-dur.com\/cs\/wp-json\/wp\/v2\/pages\/10\/revisions"}],"predecessor-version":[{"id":124,"href":"https:\/\/www.eco-dur.com\/cs\/wp-json\/wp\/v2\/pages\/10\/revisions\/124"}],"wp:attachment":[{"href":"https:\/\/www.eco-dur.com\/cs\/wp-json\/wp\/v2\/media?parent=10"}],"curies":[{"name":"wp","href":"https:\/\/api.w.org\/{rel}","templated":true}]}}